{"id":118,"date":"2024-02-11T13:13:34","date_gmt":"2024-02-11T13:13:34","guid":{"rendered":"https:\/\/cannavo.ch\/?page_id=118"},"modified":"2026-03-06T21:36:21","modified_gmt":"2026-03-06T20:36:21","slug":"biere","status":"publish","type":"page","link":"https:\/\/rhybraeu.ch\/index.php\/biere\/","title":{"rendered":"Unser Online-Shop"},"content":{"rendered":"\n<p class=\"has-raft-bg-color has-raft-fg-background-color has-text-color has-background has-link-color wp-elements-d434482da05d077b046f7a6be86d6882\" style=\"border-radius:13px;font-size:18px\"><strong>Wichtig:<\/strong> Ab einem Einkauf von CHF 90.00 bezahlst du keine Versandkosten!<\/p>\n\n\n\n<p>Unsere Biere sind aus sorgf\u00e4ltiger Handarbeit. Sie sind nicht gefiltert und pasteurisiert. Wir bieten k\u00f6stliche Biere, hergestellt aus hochwertigen Zutaten.<\/p>\n\n\n\n<p>Planst du einen Event? Wir bieten die Vermietung von Durchlaufk\u00fchlern mit F\u00e4ssern des von dir gew\u00e4hlten Bieres an.<\/p>\n\n\n\n<p>Hast du eine <strong>Bar<\/strong>, ein <strong>Restaurant<\/strong> oder ein <strong>Getr\u00e4nkehandel<\/strong> und m\u00f6chtest unser Bier in dein Sortiment aufnehmen?  Bitte z\u00f6gere nicht und kontaktiere uns!<\/p>\n\n\n<div data-block-name=\"woocommerce\/product-category\" data-categories=\"[15]\" data-content-visibility=\"{&quot;image&quot;:true,&quot;title&quot;:true,&quot;price&quot;:true,&quot;rating&quot;:false,&quot;button&quot;:false}\" data-orderby=\"price_asc\" data-stock-status=\"[&quot;&quot;,&quot;instock&quot;,&quot;outofstock&quot;,&quot;onbackorder&quot;]\" class=\"wc-block-grid wp-block-product-category wp-block-woocommerce-product-category wc-block-product-category has-3-columns has-multiple-rows\"><ul class=\"wc-block-grid__products\"><li class=\"wc-block-grid__product\">\n\t\t\t\t<a href=\"https:\/\/rhybraeu.ch\/index.php\/produkt\/lager\/\" class=\"wc-block-grid__product-link\">\n\t\t\t\t\t\n\t\t\t\t\t<div class=\"wc-block-grid__product-image\"><img loading=\"lazy\" decoding=\"async\" width=\"300\" height=\"300\" src=\"https:\/\/rhybraeu.ch\/wp-content\/uploads\/2024\/02\/DSC00922-scaled-e1773761205127-300x300.jpg\" class=\"attachment-woocommerce_thumbnail size-woocommerce_thumbnail\" alt=\"Lager 6 Flaschen\" srcset=\"https:\/\/rhybraeu.ch\/wp-content\/uploads\/2024\/02\/DSC00922-scaled-e1773761205127-300x300.jpg 300w, https:\/\/rhybraeu.ch\/wp-content\/uploads\/2024\/02\/DSC00922-scaled-e1773761205127-1024x1024.jpg 1024w, https:\/\/rhybraeu.ch\/wp-content\/uploads\/2024\/02\/DSC00922-scaled-e1773761205127-150x150.jpg 150w, https:\/\/rhybraeu.ch\/wp-content\/uploads\/2024\/02\/DSC00922-scaled-e1773761205127-768x768.jpg 768w, https:\/\/rhybraeu.ch\/wp-content\/uploads\/2024\/02\/DSC00922-scaled-e1773761205127-1536x1536.jpg 1536w, https:\/\/rhybraeu.ch\/wp-content\/uploads\/2024\/02\/DSC00922-scaled-e1773761205127-600x600.jpg 600w, https:\/\/rhybraeu.ch\/wp-content\/uploads\/2024\/02\/DSC00922-scaled-e1773761205127-100x100.jpg 100w, https:\/\/rhybraeu.ch\/wp-content\/uploads\/2024\/02\/DSC00922-scaled-e1773761205127.jpg 1550w\" sizes=\"auto, (max-width: 300px) 100vw, 300px\" \/><\/div>\n\t\t\t\t\t<div class=\"wc-block-grid__product-title\">Lager 6 Flaschen<\/div>\n\t\t\t\t<\/a>\n\t\t\t\t<div class=\"wc-block-grid__product-price price\"><span class=\"ayudawp-lowest-price\"><span class=\"ayudawp-prefix\">Ab<\/span> <span class=\"woocommerce-Price-amount amount\"><span class=\"woocommerce-Price-currencySymbol\">&#067;&#072;&#070;<\/span>&nbsp;17.00<\/span><\/span><\/div>\n\t\t\t\t\n\t\t\t\t\n\t\t\t<\/li><li class=\"wc-block-grid__product\">\n\t\t\t\t<a href=\"https:\/\/rhybraeu.ch\/index.php\/produkt\/white-ipa\/\" class=\"wc-block-grid__product-link\">\n\t\t\t\t\t\n\t\t\t\t\t<div class=\"wc-block-grid__product-image\"><img loading=\"lazy\" decoding=\"async\" width=\"300\" height=\"300\" src=\"https:\/\/rhybraeu.ch\/wp-content\/uploads\/2024\/02\/DSC00921-scaled-e1773762809725-300x300.jpg\" class=\"attachment-woocommerce_thumbnail size-woocommerce_thumbnail\" alt=\"White IPA 6 Flaschen\" srcset=\"https:\/\/rhybraeu.ch\/wp-content\/uploads\/2024\/02\/DSC00921-scaled-e1773762809725-300x300.jpg 300w, https:\/\/rhybraeu.ch\/wp-content\/uploads\/2024\/02\/DSC00921-scaled-e1773762809725-1024x1024.jpg 1024w, https:\/\/rhybraeu.ch\/wp-content\/uploads\/2024\/02\/DSC00921-scaled-e1773762809725-150x150.jpg 150w, https:\/\/rhybraeu.ch\/wp-content\/uploads\/2024\/02\/DSC00921-scaled-e1773762809725-768x768.jpg 768w, https:\/\/rhybraeu.ch\/wp-content\/uploads\/2024\/02\/DSC00921-scaled-e1773762809725-1536x1536.jpg 1536w, https:\/\/rhybraeu.ch\/wp-content\/uploads\/2024\/02\/DSC00921-scaled-e1773762809725-600x600.jpg 600w, https:\/\/rhybraeu.ch\/wp-content\/uploads\/2024\/02\/DSC00921-scaled-e1773762809725-100x100.jpg 100w, https:\/\/rhybraeu.ch\/wp-content\/uploads\/2024\/02\/DSC00921-scaled-e1773762809725.jpg 1550w\" sizes=\"auto, (max-width: 300px) 100vw, 300px\" \/><\/div>\n\t\t\t\t\t<div class=\"wc-block-grid__product-title\">White IPA 6 Flaschen<\/div>\n\t\t\t\t<\/a>\n\t\t\t\t<div class=\"wc-block-grid__product-price price\"><span class=\"ayudawp-lowest-price\"><span class=\"ayudawp-prefix\">Ab<\/span> <span class=\"woocommerce-Price-amount amount\"><span class=\"woocommerce-Price-currencySymbol\">&#067;&#072;&#070;<\/span>&nbsp;17.00<\/span><\/span><\/div>\n\t\t\t\t\n\t\t\t\t\n\t\t\t<\/li><li class=\"wc-block-grid__product\">\n\t\t\t\t<a href=\"https:\/\/rhybraeu.ch\/index.php\/produkt\/lager-white-ipa-gemsicht\/\" class=\"wc-block-grid__product-link\">\n\t\t\t\t\t\n\t\t\t\t\t<div class=\"wc-block-grid__product-image\"><img loading=\"lazy\" decoding=\"async\" width=\"300\" height=\"300\" src=\"https:\/\/rhybraeu.ch\/wp-content\/uploads\/2024\/03\/Social-Media-Post1-e1773763846665-300x300.png\" class=\"attachment-woocommerce_thumbnail size-woocommerce_thumbnail\" alt=\"Lager \/ White IPA Gemischt 6 Flaschen\" srcset=\"https:\/\/rhybraeu.ch\/wp-content\/uploads\/2024\/03\/Social-Media-Post1-e1773763846665-300x301.png 300w, https:\/\/rhybraeu.ch\/wp-content\/uploads\/2024\/03\/Social-Media-Post1-e1773763846665-150x150.png 150w, https:\/\/rhybraeu.ch\/wp-content\/uploads\/2024\/03\/Social-Media-Post1-e1773763846665-768x770.png 768w, https:\/\/rhybraeu.ch\/wp-content\/uploads\/2024\/03\/Social-Media-Post1-e1773763846665-600x601.png 600w, https:\/\/rhybraeu.ch\/wp-content\/uploads\/2024\/03\/Social-Media-Post1-e1773763846665-100x100.png 100w, https:\/\/rhybraeu.ch\/wp-content\/uploads\/2024\/03\/Social-Media-Post1-e1773763846665.png 848w\" sizes=\"auto, (max-width: 300px) 100vw, 300px\" \/><\/div>\n\t\t\t\t\t<div class=\"wc-block-grid__product-title\">Lager \/ White IPA Gemischt 6 Flaschen<\/div>\n\t\t\t\t<\/a>\n\t\t\t\t<div class=\"wc-block-grid__product-price price\"><span class=\"ayudawp-lowest-price\"><span class=\"ayudawp-prefix\">Ab<\/span> <span class=\"woocommerce-Price-amount amount\"><span class=\"woocommerce-Price-currencySymbol\">&#067;&#072;&#070;<\/span>&nbsp;17.00<\/span><\/span><\/div>\n\t\t\t\t\n\t\t\t\t\n\t\t\t<\/li><li class=\"wc-block-grid__product\">\n\t\t\t\t<a href=\"https:\/\/rhybraeu.ch\/index.php\/produkt\/himbier-6-flaschen\/\" class=\"wc-block-grid__product-link\">\n\t\t\t\t\t\n\t\t\t\t\t<div class=\"wc-block-grid__product-image\"><img loading=\"lazy\" decoding=\"async\" width=\"300\" height=\"303\" src=\"https:\/\/rhybraeu.ch\/wp-content\/uploads\/2026\/03\/DSC00923-scaled-e1773762300599-300x303.jpg\" class=\"attachment-woocommerce_thumbnail size-woocommerce_thumbnail\" alt=\"HimBier 6 Flaschen\" srcset=\"https:\/\/rhybraeu.ch\/wp-content\/uploads\/2026\/03\/DSC00923-scaled-e1773762300599-300x303.jpg 300w, https:\/\/rhybraeu.ch\/wp-content\/uploads\/2026\/03\/DSC00923-scaled-e1773762300599-297x300.jpg 297w, https:\/\/rhybraeu.ch\/wp-content\/uploads\/2026\/03\/DSC00923-scaled-e1773762300599-1014x1024.jpg 1014w, https:\/\/rhybraeu.ch\/wp-content\/uploads\/2026\/03\/DSC00923-scaled-e1773762300599-768x776.jpg 768w, https:\/\/rhybraeu.ch\/wp-content\/uploads\/2026\/03\/DSC00923-scaled-e1773762300599-1520x1536.jpg 1520w, https:\/\/rhybraeu.ch\/wp-content\/uploads\/2026\/03\/DSC00923-scaled-e1773762300599-600x606.jpg 600w, https:\/\/rhybraeu.ch\/wp-content\/uploads\/2026\/03\/DSC00923-scaled-e1773762300599-100x100.jpg 100w, https:\/\/rhybraeu.ch\/wp-content\/uploads\/2026\/03\/DSC00923-scaled-e1773762300599.jpg 1550w\" sizes=\"auto, (max-width: 300px) 100vw, 300px\" \/><\/div>\n\t\t\t\t\t<div class=\"wc-block-grid__product-title\">HimBier 6 Flaschen<\/div>\n\t\t\t\t<\/a>\n\t\t\t\t<div class=\"wc-block-grid__product-price price\"><span class=\"ayudawp-lowest-price\"><span class=\"ayudawp-prefix\">Ab<\/span> <span class=\"woocommerce-Price-amount amount\"><span class=\"woocommerce-Price-currencySymbol\">&#067;&#072;&#070;<\/span>&nbsp;17.00<\/span><\/span><\/div>\n\t\t\t\t\n\t\t\t\t\n\t\t\t<\/li><li class=\"wc-block-grid__product\">\n\t\t\t\t<a href=\"https:\/\/rhybraeu.ch\/index.php\/produkt\/lager-24er-karton\/\" class=\"wc-block-grid__product-link\">\n\t\t\t\t\t\n\t\t\t\t\t<div class=\"wc-block-grid__product-image\"><img loading=\"lazy\" decoding=\"async\" width=\"300\" height=\"300\" src=\"https:\/\/rhybraeu.ch\/wp-content\/uploads\/2024\/02\/4-e1773764888239-300x300.png\" class=\"attachment-woocommerce_thumbnail size-woocommerce_thumbnail\" alt=\"Lager 24 Flaschen\" srcset=\"https:\/\/rhybraeu.ch\/wp-content\/uploads\/2024\/02\/4-e1773764888239-300x300.png 300w, https:\/\/rhybraeu.ch\/wp-content\/uploads\/2024\/02\/4-e1773764888239-150x150.png 150w, https:\/\/rhybraeu.ch\/wp-content\/uploads\/2024\/02\/4-e1773764888239-768x768.png 768w, https:\/\/rhybraeu.ch\/wp-content\/uploads\/2024\/02\/4-e1773764888239-600x600.png 600w, https:\/\/rhybraeu.ch\/wp-content\/uploads\/2024\/02\/4-e1773764888239-100x100.png 100w, https:\/\/rhybraeu.ch\/wp-content\/uploads\/2024\/02\/4-e1773764888239.png 950w\" sizes=\"auto, (max-width: 300px) 100vw, 300px\" \/><\/div>\n\t\t\t\t\t<div class=\"wc-block-grid__product-title\">Lager 24 Flaschen<\/div>\n\t\t\t\t<\/a>\n\t\t\t\t<div class=\"wc-block-grid__product-price price\"><span class=\"ayudawp-lowest-price\"><span class=\"ayudawp-prefix\">Ab<\/span> <span class=\"woocommerce-Price-amount amount\"><span class=\"woocommerce-Price-currencySymbol\">&#067;&#072;&#070;<\/span>&nbsp;68.00<\/span><\/span><\/div>\n\t\t\t\t\n\t\t\t\t\n\t\t\t<\/li><li class=\"wc-block-grid__product\">\n\t\t\t\t<a href=\"https:\/\/rhybraeu.ch\/index.php\/produkt\/white-ipa-24er-karton\/\" class=\"wc-block-grid__product-link\">\n\t\t\t\t\t\n\t\t\t\t\t<div class=\"wc-block-grid__product-image\"><img loading=\"lazy\" decoding=\"async\" width=\"300\" height=\"300\" src=\"https:\/\/rhybraeu.ch\/wp-content\/uploads\/2024\/02\/3-e1773764793833-300x300.png\" class=\"attachment-woocommerce_thumbnail size-woocommerce_thumbnail\" alt=\"White IPA 24 Flaschen\" srcset=\"https:\/\/rhybraeu.ch\/wp-content\/uploads\/2024\/02\/3-e1773764793833-300x300.png 300w, https:\/\/rhybraeu.ch\/wp-content\/uploads\/2024\/02\/3-e1773764793833-150x150.png 150w, https:\/\/rhybraeu.ch\/wp-content\/uploads\/2024\/02\/3-e1773764793833-768x768.png 768w, https:\/\/rhybraeu.ch\/wp-content\/uploads\/2024\/02\/3-e1773764793833-600x600.png 600w, https:\/\/rhybraeu.ch\/wp-content\/uploads\/2024\/02\/3-e1773764793833-100x100.png 100w, https:\/\/rhybraeu.ch\/wp-content\/uploads\/2024\/02\/3-e1773764793833.png 950w\" sizes=\"auto, (max-width: 300px) 100vw, 300px\" \/><\/div>\n\t\t\t\t\t<div class=\"wc-block-grid__product-title\">White IPA 24 Flaschen<\/div>\n\t\t\t\t<\/a>\n\t\t\t\t<div class=\"wc-block-grid__product-price price\"><span class=\"ayudawp-lowest-price\"><span class=\"ayudawp-prefix\">Ab<\/span> <span class=\"woocommerce-Price-amount amount\"><span class=\"woocommerce-Price-currencySymbol\">&#067;&#072;&#070;<\/span>&nbsp;68.00<\/span><\/span><\/div>\n\t\t\t\t\n\t\t\t\t\n\t\t\t<\/li><li class=\"wc-block-grid__product\">\n\t\t\t\t<a href=\"https:\/\/rhybraeu.ch\/index.php\/produkt\/lager-white-ipa-gemischt-24-flaschen\/\" class=\"wc-block-grid__product-link\">\n\t\t\t\t\t\n\t\t\t\t\t<div class=\"wc-block-grid__product-image\"><img loading=\"lazy\" decoding=\"async\" width=\"300\" height=\"300\" src=\"https:\/\/rhybraeu.ch\/wp-content\/uploads\/2024\/03\/2-e1773764632744-300x300.png\" class=\"attachment-woocommerce_thumbnail size-woocommerce_thumbnail\" alt=\"Lager \/ White IPA Gemischt 24 Flaschen\" srcset=\"https:\/\/rhybraeu.ch\/wp-content\/uploads\/2024\/03\/2-e1773764632744-300x300.png 300w, https:\/\/rhybraeu.ch\/wp-content\/uploads\/2024\/03\/2-e1773764632744-150x150.png 150w, https:\/\/rhybraeu.ch\/wp-content\/uploads\/2024\/03\/2-e1773764632744-768x768.png 768w, https:\/\/rhybraeu.ch\/wp-content\/uploads\/2024\/03\/2-e1773764632744-600x600.png 600w, https:\/\/rhybraeu.ch\/wp-content\/uploads\/2024\/03\/2-e1773764632744-100x100.png 100w, https:\/\/rhybraeu.ch\/wp-content\/uploads\/2024\/03\/2-e1773764632744.png 950w\" sizes=\"auto, (max-width: 300px) 100vw, 300px\" \/><\/div>\n\t\t\t\t\t<div class=\"wc-block-grid__product-title\">Lager \/ White IPA Gemischt 24 Flaschen<\/div>\n\t\t\t\t<\/a>\n\t\t\t\t<div class=\"wc-block-grid__product-price price\"><span class=\"ayudawp-lowest-price\"><span class=\"ayudawp-prefix\">Ab<\/span> <span class=\"woocommerce-Price-amount amount\"><span class=\"woocommerce-Price-currencySymbol\">&#067;&#072;&#070;<\/span>&nbsp;68.00<\/span><\/span><\/div>\n\t\t\t\t\n\t\t\t\t\n\t\t\t<\/li><li class=\"wc-block-grid__product\">\n\t\t\t\t<a href=\"https:\/\/rhybraeu.ch\/index.php\/produkt\/himbier-24-flaschen\/\" class=\"wc-block-grid__product-link\">\n\t\t\t\t\t\n\t\t\t\t\t<div class=\"wc-block-grid__product-image\"><img loading=\"lazy\" decoding=\"async\" width=\"300\" height=\"300\" src=\"https:\/\/rhybraeu.ch\/wp-content\/uploads\/2025\/08\/Social-Media-Post2-e1773765080700-300x300.png\" class=\"attachment-woocommerce_thumbnail size-woocommerce_thumbnail\" alt=\"HimBier 24 Flaschen\" srcset=\"https:\/\/rhybraeu.ch\/wp-content\/uploads\/2025\/08\/Social-Media-Post2-e1773765080700-300x300.png 300w, https:\/\/rhybraeu.ch\/wp-content\/uploads\/2025\/08\/Social-Media-Post2-e1773765080700-150x150.png 150w, https:\/\/rhybraeu.ch\/wp-content\/uploads\/2025\/08\/Social-Media-Post2-e1773765080700-768x768.png 768w, https:\/\/rhybraeu.ch\/wp-content\/uploads\/2025\/08\/Social-Media-Post2-e1773765080700-600x600.png 600w, https:\/\/rhybraeu.ch\/wp-content\/uploads\/2025\/08\/Social-Media-Post2-e1773765080700-100x100.png 100w, https:\/\/rhybraeu.ch\/wp-content\/uploads\/2025\/08\/Social-Media-Post2-e1773765080700.png 950w\" sizes=\"auto, (max-width: 300px) 100vw, 300px\" \/><\/div>\n\t\t\t\t\t<div class=\"wc-block-grid__product-title\">HimBier 24 Flaschen<\/div>\n\t\t\t\t<\/a>\n\t\t\t\t<div class=\"wc-block-grid__product-price price\"><span class=\"ayudawp-lowest-price\"><span class=\"ayudawp-prefix\">Ab<\/span> <span class=\"woocommerce-Price-amount amount\"><span class=\"woocommerce-Price-currencySymbol\">&#067;&#072;&#070;<\/span>&nbsp;68.00<\/span><\/span><\/div>\n\t\t\t\t\n\t\t\t\t\n\t\t\t<\/li><li class=\"wc-block-grid__product\">\n\t\t\t\t<a href=\"https:\/\/rhybraeu.ch\/index.php\/produkt\/lager-fass-20-liter\/\" class=\"wc-block-grid__product-link\">\n\t\t\t\t\t\n\t\t\t\t\t<div class=\"wc-block-grid__product-image\"><img loading=\"lazy\" decoding=\"async\" width=\"300\" height=\"300\" src=\"https:\/\/rhybraeu.ch\/wp-content\/uploads\/2024\/03\/istockphoto-1250055827-612x612-1-300x300.jpg\" class=\"attachment-woocommerce_thumbnail size-woocommerce_thumbnail\" alt=\"Lager Fass\" srcset=\"https:\/\/rhybraeu.ch\/wp-content\/uploads\/2024\/03\/istockphoto-1250055827-612x612-1-300x300.jpg 300w, https:\/\/rhybraeu.ch\/wp-content\/uploads\/2024\/03\/istockphoto-1250055827-612x612-1-150x150.jpg 150w, https:\/\/rhybraeu.ch\/wp-content\/uploads\/2024\/03\/istockphoto-1250055827-612x612-1-600x600.jpg 600w, https:\/\/rhybraeu.ch\/wp-content\/uploads\/2024\/03\/istockphoto-1250055827-612x612-1-100x100.jpg 100w, https:\/\/rhybraeu.ch\/wp-content\/uploads\/2024\/03\/istockphoto-1250055827-612x612-1.jpg 612w\" sizes=\"auto, (max-width: 300px) 100vw, 300px\" \/><\/div>\n\t\t\t\t\t<div class=\"wc-block-grid__product-title\">Lager Fass<\/div>\n\t\t\t\t<\/a>\n\t\t\t\t<div class=\"wc-block-grid__product-price price\"><span class=\"ayudawp-lowest-price\"><span class=\"ayudawp-prefix\">Ab<\/span> <span class=\"woocommerce-Price-amount amount\"><span class=\"woocommerce-Price-currencySymbol\">&#067;&#072;&#070;<\/span>&nbsp;120.00<\/span><\/span><\/div>\n\t\t\t\t\n\t\t\t\t\n\t\t\t<\/li><\/ul><\/div>","protected":false},"excerpt":{"rendered":"<p>Wichtig: Ab einem Einkauf von CHF 90.00 bezahlst du keine Versandkosten! Unsere Biere sind aus sorgf\u00e4ltiger Handarbeit. Sie sind nicht gefiltert und pasteurisiert. Wir bieten k\u00f6stliche Biere, hergestellt aus hochwertigen Zutaten. Planst du einen Event? Wir bieten die Vermietung von Durchlaufk\u00fchlern mit F\u00e4ssern des von dir gew\u00e4hlten Bieres an. Hast du eine Bar, ein Restaurant [&hellip;]<\/p>\n","protected":false},"author":1,"featured_media":0,"parent":0,"menu_order":0,"comment_status":"closed","ping_status":"closed","template":"","meta":{"jetpack_post_was_ever_published":false,"footnotes":""},"class_list":["post-118","page","type-page","status-publish","hentry"],"jetpack_sharing_enabled":true,"_links":{"self":[{"href":"https:\/\/rhybraeu.ch\/index.php\/wp-json\/wp\/v2\/pages\/118","targetHints":{"allow":["GET"]}}],"collection":[{"href":"https:\/\/rhybraeu.ch\/index.php\/wp-json\/wp\/v2\/pages"}],"about":[{"href":"https:\/\/rhybraeu.ch\/index.php\/wp-json\/wp\/v2\/types\/page"}],"author":[{"embeddable":true,"href":"https:\/\/rhybraeu.ch\/index.php\/wp-json\/wp\/v2\/users\/1"}],"replies":[{"embeddable":true,"href":"https:\/\/rhybraeu.ch\/index.php\/wp-json\/wp\/v2\/comments?post=118"}],"version-history":[{"count":49,"href":"https:\/\/rhybraeu.ch\/index.php\/wp-json\/wp\/v2\/pages\/118\/revisions"}],"predecessor-version":[{"id":1213,"href":"https:\/\/rhybraeu.ch\/index.php\/wp-json\/wp\/v2\/pages\/118\/revisions\/1213"}],"wp:attachment":[{"href":"https:\/\/rhybraeu.ch\/index.php\/wp-json\/wp\/v2\/media?parent=118"}],"curies":[{"name":"wp","href":"https:\/\/api.w.org\/{rel}","templated":true}]}}