{"id":450,"date":"2024-03-05T12:29:25","date_gmt":"2024-03-05T12:29:25","guid":{"rendered":"https:\/\/cannavo.ch\/?page_id=450"},"modified":"2026-03-06T21:37:05","modified_gmt":"2026-03-06T20:37:05","slug":"versand-und-zahlungsbedingungen","status":"publish","type":"page","link":"https:\/\/rhybraeu.ch\/index.php\/versand-und-zahlungsbedingungen\/","title":{"rendered":"Versand- und Zahlungsbedingungen"},"content":{"rendered":"\n<h2 class=\"wp-block-heading\">Versand<\/h2>\n\n\n\n<figure class=\"wp-block-table\"><table><tbody><tr><td>Standardversand unter 90.-<\/td><td>9.95 CHF<\/td><\/tr><tr><td>Standardversand \u00fcber 90.-<\/td><td>kostenlos<\/td><\/tr><tr><td>Abholung in Zeiningen<\/td><td>kostenlos<\/td><\/tr><\/tbody><\/table><\/figure>\n\n\n\n<p><strong>Standardversand:<\/strong> Bestellungen bis Mittwochabend werden am Donnerstag verschickt und am Freitag mit Planzer zugestellt. Zur Zeit versenden wir nur am Donnerstag. <\/p>\n\n\n\n<p><strong>Abholung:<\/strong> Bestellungen bis Freitagabend k\u00f6nnen am Samstag zwischen 10:00 Uhr und 16:00 Uhr abgeholt werden. Nach Absprache k\u00f6nnen auch andere Zeiten genutzt werden.<\/p>\n\n\n\n<p><strong>Versand ausserhalb der Schweiz:<\/strong> Bitte nimm mit uns Kontakt auf: <a href=\"https:\/\/rhybraeu.ch\/index.php\/kontakt\/\" data-type=\"page\" data-id=\"78\"><span style=\"text-decoration: underline;\">Kontaktformular<\/span><\/a><\/p>\n\n\n\n<h2 class=\"wp-block-heading\">Zahlungsarten<\/h2>\n\n\n\n<p><strong>PayPal:<\/strong> Einfache und bequeme Zahlungsmethode<\/p>\n\n\n\n<p><strong>Kreditkarte:<\/strong> Zahlung mit Mastercard, Visa oder American Express m\u00f6glich. Die Zahlungsabwicklung wird von Stripe durchgef\u00fchrt.<\/p>\n\n\n\n<p><strong>Bank\u00fcberweisung:<\/strong> Du bekommst die Zahlungsdaten per Mail oder nach Aufgabe der Bestellung auf dieser Seite angezeigt und bezahlen die Ware im Voraus. Ihre Bestellung wird nach dem Empfang der Zahlung versendet, in der Regel am n\u00e4chsten Tag nachdem Sie die \u00dcberweisung get\u00e4tigt haben.<\/p>\n","protected":false},"excerpt":{"rendered":"<p>Versand Standardversand unter 90.- 9.95 CHF Standardversand \u00fcber 90.- kostenlos Abholung in Zeiningen kostenlos Standardversand: Bestellungen bis Mittwochabend werden am Donnerstag verschickt und am Freitag mit Planzer zugestellt. Zur Zeit versenden wir nur am Donnerstag. Abholung: Bestellungen bis Freitagabend k\u00f6nnen am Samstag zwischen 10:00 Uhr und 16:00 Uhr abgeholt werden. Nach Absprache k\u00f6nnen auch andere [&hellip;]<\/p>\n","protected":false},"author":1,"featured_media":0,"parent":0,"menu_order":0,"comment_status":"closed","ping_status":"closed","template":"","meta":{"jetpack_post_was_ever_published":false,"footnotes":""},"class_list":["post-450","page","type-page","status-publish","hentry"],"jetpack_sharing_enabled":true,"_links":{"self":[{"href":"https:\/\/rhybraeu.ch\/index.php\/wp-json\/wp\/v2\/pages\/450","targetHints":{"allow":["GET"]}}],"collection":[{"href":"https:\/\/rhybraeu.ch\/index.php\/wp-json\/wp\/v2\/pages"}],"about":[{"href":"https:\/\/rhybraeu.ch\/index.php\/wp-json\/wp\/v2\/types\/page"}],"author":[{"embeddable":true,"href":"https:\/\/rhybraeu.ch\/index.php\/wp-json\/wp\/v2\/users\/1"}],"replies":[{"embeddable":true,"href":"https:\/\/rhybraeu.ch\/index.php\/wp-json\/wp\/v2\/comments?post=450"}],"version-history":[{"count":9,"href":"https:\/\/rhybraeu.ch\/index.php\/wp-json\/wp\/v2\/pages\/450\/revisions"}],"predecessor-version":[{"id":1187,"href":"https:\/\/rhybraeu.ch\/index.php\/wp-json\/wp\/v2\/pages\/450\/revisions\/1187"}],"wp:attachment":[{"href":"https:\/\/rhybraeu.ch\/index.php\/wp-json\/wp\/v2\/media?parent=450"}],"curies":[{"name":"wp","href":"https:\/\/api.w.org\/{rel}","templated":true}]}}