{"id":76,"date":"2024-02-11T11:39:19","date_gmt":"2024-02-11T11:39:19","guid":{"rendered":"https:\/\/cannavo.ch\/?page_id=76"},"modified":"2025-05-12T16:37:36","modified_gmt":"2025-05-12T15:37:36","slug":"die-brauerei","status":"publish","type":"page","link":"https:\/\/rhybraeu.ch\/index.php\/die-brauerei\/","title":{"rendered":"Rhybr\u00e4u &#8211; Es Bier f\u00fcr Jede!"},"content":{"rendered":"\n<h2 class=\"wp-block-heading\">Die Geschichte<\/h2>\n\n\n\n<p>\ud83d\udcdc <strong>Unsere Geschichte<\/strong> \u2013 Begonnen hat alles in einer Garage und mit der lustigen Idee, sein eigenes Bier brauen zu k\u00f6nnen. Heute findet ihr uns in Mumpf, wo wir mit Leidenschaft und handwerklichem K\u00f6nnen unser Bier brauen. Seit der Gr\u00fcndung der Rhybr\u00e4u GmbH Mitte 2024 haben wir es uns zum Ziel gesetzt, Bier f\u00fcr jeden Geschmack herzustellen \u2013 &#8222;Es Bier f\u00fcr Jede!&#8220;<\/p>\n\n\n\n<p>Ein besonderes Merkmal unserer Brauerei ist unsere Eigenentwicklung: Wir bauen unsere Anlagen selbst zusammen und programmieren die Systeme eigenst\u00e4ndig. So haben wir die volle Kontrolle \u00fcber den Brauprozess und k\u00f6nnen unsere Biere stetig weiterentwickeln.<\/p>\n\n\n\n<h2 class=\"wp-block-heading\">Brauereif\u00fchrung<\/h2>\n\n\n\n<p>\ud83d\udc65 <strong>Brauerei-Erlebnis<\/strong> \u2013 Besuche uns in Mumpf f\u00fcr eine F\u00fchrung (bis zu 20 Personen) oder bald auch f\u00fcr einen Braukurs. Melde dich bei Interesse gerne bei uns. F\u00fcr unter 10 Personen kostet die F\u00fchrung pauschal 200 Fr. und ab 10 Personen 20 Fr. pro Person. Die Dauer betr\u00e4gt ca. 1,5 Stunden. Bitte melde dich min. 1,5 Monate vor deinem Wunschdatum.<\/p>\n\n\n\n<p>Komm vorbei und erlebe die Welt von Rhybr\u00e4u \u2013 wir freuen uns auf dich!<\/p>\n\n\n\n<h4 class=\"wp-block-heading\">Anmeldeformular<\/h4>\n\n\n<div class=\"wp-block-jetpack-contact-form is-layout-flex wp-container-jetpack-contact-form-is-layout-113187fd wp-block-jetpack-contact-form-is-layout-flex\"><a href=\"https:\/\/rhybraeu.ch\/index.php\/die-brauerei\/\" target=\"_blank\" rel=\"noopener noreferrer\">Formular einreichen.<\/a><\/div>\n\n\n<h2 class=\"wp-block-heading\">Unsere Produkte<\/h2>\n\n\n\n<p>\ud83c\udf7a <strong>Unser erstklassiges Bier<\/strong> \u2013 Seit \u00fcber 5 Jahren brauen wir aus Leidenschaft. Seit dieser Zeit haben wir diverse Biere ausprobiert und immer wieder an unserer Rezeptur get\u00fcftelt. Wir bieten Biere in 0.33L Flaschen an und verkaufen diese Einzeln, in 6er Tragkartons, 24er Kisten oder in 20L Flaschen.<\/p>\n\n\n\n<p>\ud83c\udfa8 <strong>Dein eigenes Bier<\/strong> \u2013 Lass dein Bier nach deinem Rezept oder mit deinem eigenen Etikett brauen. Hast du einen Anlass und m\u00f6chtest positiv auffallen? Dann melde dich bei uns und zusammen bringen wir kreative Ideen in eine braune Bierflasche.<\/p>\n\n\n\n<p>\ud83c\udf89 <strong>Event-Equipment<\/strong> \u2013 Miete Zapfh\u00e4hne, Bars und weiteres Material f\u00fcr deinen Anlass.<\/p>\n\n\n\n<h2 class=\"wp-block-heading\">Das Team<\/h2>\n\n\n\n<div class=\"wp-block-columns is-layout-flex wp-container-core-columns-is-layout-28f84493 wp-block-columns-is-layout-flex\">\n<div class=\"wp-block-column is-layout-flow wp-block-column-is-layout-flow\">\n<h3 class=\"wp-block-heading\">Luca C<\/h3>\n\n\n\n<figure class=\"wp-block-image size-large\"><img loading=\"lazy\" decoding=\"async\" width=\"819\" height=\"1024\" src=\"https:\/\/rhybraeu.ch\/wp-content\/uploads\/2024\/03\/DSC0755-819x1024.jpg\" alt=\"\" class=\"wp-image-628\" srcset=\"https:\/\/rhybraeu.ch\/wp-content\/uploads\/2024\/03\/DSC0755-819x1024.jpg 819w, https:\/\/rhybraeu.ch\/wp-content\/uploads\/2024\/03\/DSC0755-240x300.jpg 240w, https:\/\/rhybraeu.ch\/wp-content\/uploads\/2024\/03\/DSC0755-768x960.jpg 768w, https:\/\/rhybraeu.ch\/wp-content\/uploads\/2024\/03\/DSC0755-1229x1536.jpg 1229w, https:\/\/rhybraeu.ch\/wp-content\/uploads\/2024\/03\/DSC0755-300x375.jpg 300w, https:\/\/rhybraeu.ch\/wp-content\/uploads\/2024\/03\/DSC0755-600x750.jpg 600w, https:\/\/rhybraeu.ch\/wp-content\/uploads\/2024\/03\/DSC0755.jpg 1500w\" sizes=\"auto, (max-width: 819px) 100vw, 819px\" \/><\/figure>\n\n\n\n<ul class=\"wp-block-social-links is-layout-flex wp-block-social-links-is-layout-flex\"><li class=\"wp-social-link wp-social-link-mail  wp-block-social-link\"><a href=\"mailto:l&#117;ca.c&#097;&#110;&#110;a&#118;o&#064;&#114;hybr&#097;&#101;&#117;.&#099;&#104;\" class=\"wp-block-social-link-anchor\"><svg width=\"24\" height=\"24\" viewBox=\"0 0 24 24\" version=\"1.1\" xmlns=\"http:\/\/www.w3.org\/2000\/svg\" aria-hidden=\"true\" focusable=\"false\"><path d=\"M19,5H5c-1.1,0-2,.9-2,2v10c0,1.1.9,2,2,2h14c1.1,0,2-.9,2-2V7c0-1.1-.9-2-2-2zm.5,12c0,.3-.2.5-.5.5H5c-.3,0-.5-.2-.5-.5V9.8l7.5,5.6,7.5-5.6V17zm0-9.1L12,13.6,4.5,7.9V7c0-.3.2-.5.5-.5h14c.3,0,.5.2.5.5v.9z\"><\/path><\/svg><span class=\"wp-block-social-link-label screen-reader-text\">E-Mail<\/span><\/a><\/li><\/ul>\n<\/div>\n\n\n\n<div class=\"wp-block-column is-layout-flow wp-block-column-is-layout-flow\">\n<h3 class=\"wp-block-heading\">Ian P<\/h3>\n\n\n\n<figure class=\"wp-block-image size-large\"><img loading=\"lazy\" decoding=\"async\" width=\"819\" height=\"1024\" src=\"https:\/\/rhybraeu.ch\/wp-content\/uploads\/2024\/03\/DSC0731-819x1024.jpg\" alt=\"\" class=\"wp-image-629\" srcset=\"https:\/\/rhybraeu.ch\/wp-content\/uploads\/2024\/03\/DSC0731-819x1024.jpg 819w, https:\/\/rhybraeu.ch\/wp-content\/uploads\/2024\/03\/DSC0731-240x300.jpg 240w, https:\/\/rhybraeu.ch\/wp-content\/uploads\/2024\/03\/DSC0731-768x960.jpg 768w, https:\/\/rhybraeu.ch\/wp-content\/uploads\/2024\/03\/DSC0731-1229x1536.jpg 1229w, https:\/\/rhybraeu.ch\/wp-content\/uploads\/2024\/03\/DSC0731-300x375.jpg 300w, https:\/\/rhybraeu.ch\/wp-content\/uploads\/2024\/03\/DSC0731-600x750.jpg 600w, https:\/\/rhybraeu.ch\/wp-content\/uploads\/2024\/03\/DSC0731.jpg 1500w\" sizes=\"auto, (max-width: 819px) 100vw, 819px\" \/><\/figure>\n\n\n\n<ul class=\"wp-block-social-links is-layout-flex wp-block-social-links-is-layout-flex\"><li class=\"wp-social-link wp-social-link-mail  wp-block-social-link\"><a href=\"mailto:&#105;&#097;n&#046;&#112;&#105;b&#101;rnik&#064;rhy&#098;&#114;&#097;e&#117;&#046;ch\" class=\"wp-block-social-link-anchor\"><svg width=\"24\" height=\"24\" viewBox=\"0 0 24 24\" version=\"1.1\" xmlns=\"http:\/\/www.w3.org\/2000\/svg\" aria-hidden=\"true\" focusable=\"false\"><path d=\"M19,5H5c-1.1,0-2,.9-2,2v10c0,1.1.9,2,2,2h14c1.1,0,2-.9,2-2V7c0-1.1-.9-2-2-2zm.5,12c0,.3-.2.5-.5.5H5c-.3,0-.5-.2-.5-.5V9.8l7.5,5.6,7.5-5.6V17zm0-9.1L12,13.6,4.5,7.9V7c0-.3.2-.5.5-.5h14c.3,0,.5.2.5.5v.9z\"><\/path><\/svg><span class=\"wp-block-social-link-label screen-reader-text\">E-Mail<\/span><\/a><\/li><\/ul>\n<\/div>\n\n\n\n<div class=\"wp-block-column is-layout-flow wp-block-column-is-layout-flow\">\n<h3 class=\"wp-block-heading\">Luca T<\/h3>\n\n\n\n<figure class=\"wp-block-image size-large\"><img loading=\"lazy\" decoding=\"async\" width=\"819\" height=\"1024\" src=\"https:\/\/rhybraeu.ch\/wp-content\/uploads\/2024\/03\/DSC0694-819x1024.jpg\" alt=\"\" class=\"wp-image-630\" srcset=\"https:\/\/rhybraeu.ch\/wp-content\/uploads\/2024\/03\/DSC0694-819x1024.jpg 819w, https:\/\/rhybraeu.ch\/wp-content\/uploads\/2024\/03\/DSC0694-240x300.jpg 240w, https:\/\/rhybraeu.ch\/wp-content\/uploads\/2024\/03\/DSC0694-768x960.jpg 768w, https:\/\/rhybraeu.ch\/wp-content\/uploads\/2024\/03\/DSC0694-1229x1536.jpg 1229w, https:\/\/rhybraeu.ch\/wp-content\/uploads\/2024\/03\/DSC0694-300x375.jpg 300w, https:\/\/rhybraeu.ch\/wp-content\/uploads\/2024\/03\/DSC0694-600x750.jpg 600w, https:\/\/rhybraeu.ch\/wp-content\/uploads\/2024\/03\/DSC0694.jpg 1500w\" sizes=\"auto, (max-width: 819px) 100vw, 819px\" \/><\/figure>\n\n\n\n<ul class=\"wp-block-social-links is-layout-flex wp-block-social-links-is-layout-flex\"><li class=\"wp-social-link wp-social-link-mail  wp-block-social-link\"><a href=\"mailto:&#108;&#117;&#099;&#097;&#046;&#116;ho&#109;&#097;&#110;n&#064;&#114;&#104;y&#098;r&#097;eu&#046;&#099;&#104;\" class=\"wp-block-social-link-anchor\"><svg width=\"24\" height=\"24\" viewBox=\"0 0 24 24\" version=\"1.1\" xmlns=\"http:\/\/www.w3.org\/2000\/svg\" aria-hidden=\"true\" focusable=\"false\"><path d=\"M19,5H5c-1.1,0-2,.9-2,2v10c0,1.1.9,2,2,2h14c1.1,0,2-.9,2-2V7c0-1.1-.9-2-2-2zm.5,12c0,.3-.2.5-.5.5H5c-.3,0-.5-.2-.5-.5V9.8l7.5,5.6,7.5-5.6V17zm0-9.1L12,13.6,4.5,7.9V7c0-.3.2-.5.5-.5h14c.3,0,.5.2.5.5v.9z\"><\/path><\/svg><span class=\"wp-block-social-link-label screen-reader-text\">E-Mail<\/span><\/a><\/li><\/ul>\n<\/div>\n<\/div>\n\n\n\n<h2 class=\"wp-block-heading\">Unsere Adresse<\/h2>\n\n\n\n<div class=\"wp-block-jetpack-contact-info\">\n<div class=\"wp-block-jetpack-email\"><a href=\"mailto:info@rhybraeu.ch\">info@rhybraeu.ch<\/a><\/div>\n\n\n\n\n\n<div class=\"wp-block-jetpack-address\"><a href=\"https:\/\/www.google.com\/maps\/search\/Burgzelglistrasse+23B,+4322 Mumpf,+Aargau,+Schweiz\" target=\"_blank\" rel=\"noopener noreferrer\" title=\"Adresse in Google Maps \u00f6ffnen\"><div class=\"jetpack-address__address jetpack-address__address1\">Burgzelglistrasse 23B<\/div><div><span class=\"jetpack-address__city\">4322 Mumpf<\/span>, <span class=\"jetpack-address__region\">Aargau<\/span> <span class=\"jetpack-address__postal\"><\/span><\/div><div class=\"jetpack-address__country\">Schweiz<\/div><\/a><\/div>\n<\/div>\n\n\n\n<div><iframe src=\"https:\/\/maps.google.com\/maps?q=Burgzelglistrasse+23b%2C+Mumpf&amp;z=12&amp;t=m&amp;output=embed\" style=\"border:0;height:600px;width:100%\"><\/iframe><\/div>\n","protected":false},"excerpt":{"rendered":"<p>Die Geschichte \ud83d\udcdc Unsere Geschichte \u2013 Begonnen hat alles in einer Garage und mit der lustigen Idee, sein eigenes Bier brauen zu k\u00f6nnen. Heute findet ihr uns in Mumpf, wo wir mit Leidenschaft und handwerklichem K\u00f6nnen unser Bier brauen. Seit der Gr\u00fcndung der Rhybr\u00e4u GmbH Mitte 2024 haben wir es uns zum Ziel gesetzt, Bier [&hellip;]<\/p>\n","protected":false},"author":1,"featured_media":0,"parent":0,"menu_order":0,"comment_status":"closed","ping_status":"closed","template":"","meta":{"jetpack_post_was_ever_published":false,"footnotes":""},"class_list":["post-76","page","type-page","status-publish","hentry"],"jetpack_sharing_enabled":true,"_links":{"self":[{"href":"https:\/\/rhybraeu.ch\/index.php\/wp-json\/wp\/v2\/pages\/76","targetHints":{"allow":["GET"]}}],"collection":[{"href":"https:\/\/rhybraeu.ch\/index.php\/wp-json\/wp\/v2\/pages"}],"about":[{"href":"https:\/\/rhybraeu.ch\/index.php\/wp-json\/wp\/v2\/types\/page"}],"author":[{"embeddable":true,"href":"https:\/\/rhybraeu.ch\/index.php\/wp-json\/wp\/v2\/users\/1"}],"replies":[{"embeddable":true,"href":"https:\/\/rhybraeu.ch\/index.php\/wp-json\/wp\/v2\/comments?post=76"}],"version-history":[{"count":46,"href":"https:\/\/rhybraeu.ch\/index.php\/wp-json\/wp\/v2\/pages\/76\/revisions"}],"predecessor-version":[{"id":1104,"href":"https:\/\/rhybraeu.ch\/index.php\/wp-json\/wp\/v2\/pages\/76\/revisions\/1104"}],"wp:attachment":[{"href":"https:\/\/rhybraeu.ch\/index.php\/wp-json\/wp\/v2\/media?parent=76"}],"curies":[{"name":"wp","href":"https:\/\/api.w.org\/{rel}","templated":true}]}}