{"id":1137,"date":"2025-08-15T08:29:01","date_gmt":"2025-08-15T07:29:01","guid":{"rendered":"https:\/\/rhybraeu.ch\/?post_type=product&#038;p=1137"},"modified":"2026-03-17T16:47:04","modified_gmt":"2026-03-17T15:47:04","slug":"himbier-6-flaschen","status":"publish","type":"product","link":"https:\/\/rhybraeu.ch\/index.php\/produkt\/himbier-6-flaschen\/","title":{"rendered":"HimBier 6 Flaschen"},"content":{"rendered":"<p><strong>HimBier \u2013 Fruchtig. Erfrischend. Einzigartig.<\/strong><\/p>\n<p>Das RHYBR\u00c4U HimBier verbindet fein gebrautes Bier mit dem nat\u00fcrlichen Aroma sonnengereifter Himbeeren. Der harmonische Mix aus milder Hopfennote und fruchtiger S\u00fcsse macht es zu einem erfrischenden Genuss \u2013 perfekt f\u00fcr heisse Tage oder als besondere Abwechslung.<\/p>\n<p>Geniesse es gek\u00fchlt oder bei Kellertemperatur, um alle Nuancen seiner Aromen voll zur Geltung zu bringen.<\/p>\n<p>Die Gr\u00f6sse des 6er-Kartons bietet sich ideal f\u00fcr ein tolles Geschenk oder Probierset an. Der Tragkarton l\u00e4sst sich perfekt von A nach B transportieren und verleiht dabei ein stilvolles Erscheinungsbild.<\/p>\n","protected":false},"excerpt":{"rendered":"<p>ABV 4.5% | EBC 8.1 | IBU 15 | Genusstemperatur: 5-6 \u00b0C<\/p>\n","protected":false},"featured_media":1209,"comment_status":"open","ping_status":"closed","template":"","meta":{"jetpack_post_was_ever_published":false},"product_brand":[],"product_cat":[15],"product_tag":[],"class_list":{"0":"post-1137","1":"product","2":"type-product","3":"status-publish","4":"has-post-thumbnail","6":"product_cat-bier","8":"first","9":"instock","10":"taxable","11":"shipping-taxable","12":"purchasable","13":"product-type-variable","14":"has-default-attributes"},"jetpack_sharing_enabled":true,"_links":{"self":[{"href":"https:\/\/rhybraeu.ch\/index.php\/wp-json\/wp\/v2\/product\/1137","targetHints":{"allow":["GET"]}}],"collection":[{"href":"https:\/\/rhybraeu.ch\/index.php\/wp-json\/wp\/v2\/product"}],"about":[{"href":"https:\/\/rhybraeu.ch\/index.php\/wp-json\/wp\/v2\/types\/product"}],"replies":[{"embeddable":true,"href":"https:\/\/rhybraeu.ch\/index.php\/wp-json\/wp\/v2\/comments?post=1137"}],"wp:featuredmedia":[{"embeddable":true,"href":"https:\/\/rhybraeu.ch\/index.php\/wp-json\/wp\/v2\/media\/1209"}],"wp:attachment":[{"href":"https:\/\/rhybraeu.ch\/index.php\/wp-json\/wp\/v2\/media?parent=1137"}],"wp:term":[{"taxonomy":"product_brand","embeddable":true,"href":"https:\/\/rhybraeu.ch\/index.php\/wp-json\/wp\/v2\/product_brand?post=1137"},{"taxonomy":"product_cat","embeddable":true,"href":"https:\/\/rhybraeu.ch\/index.php\/wp-json\/wp\/v2\/product_cat?post=1137"},{"taxonomy":"product_tag","embeddable":true,"href":"https:\/\/rhybraeu.ch\/index.php\/wp-json\/wp\/v2\/product_tag?post=1137"}],"curies":[{"name":"wp","href":"https:\/\/api.w.org\/{rel}","templated":true}]}}