{"id":44,"date":"2024-02-07T21:07:21","date_gmt":"2024-02-07T21:07:21","guid":{"rendered":"https:\/\/cannavo.ch\/?post_type=product&#038;p=44"},"modified":"2026-03-17T16:53:51","modified_gmt":"2026-03-17T15:53:51","slug":"white-ipa","status":"publish","type":"product","link":"https:\/\/rhybraeu.ch\/index.php\/produkt\/white-ipa\/","title":{"rendered":"White IPA 6 Flaschen"},"content":{"rendered":"<p>Unser White IPA &#8211; ein erfrischendes Weizenbier mit einem einzigartigen Twist. Gebraut aus einer ausgewogenen Mischung von Weizen- und Gerstenmalz, verleiht ihm dies eine leichte, erfrischende Textur. Mit einem harmonischen Zusammenspiel von ausgew\u00e4hlten Hopfensorten entfaltet dieses Bier ein delikates Aroma von Limette und einem Hauch von Mango. Nicht zu bitter, aber voller Geschmack, ist unser White IPA ideal f\u00fcr Geniesser, die auf der Suche nach einem besonderen Biererlebnis sind. Geniesse es gek\u00fchlt oder bei Kellertemperatur, um alle Nuancen seiner Aromen voll zur Geltung zu bringen.<\/p>\n<p>Die Gr\u00f6sse des 6er-Kartons bietet sich ideal f\u00fcr ein tolles Geschenk oder Probierset an. Der Tragkarton l\u00e4sst sich perfekt von A nach B transportieren und verleiht dabei ein stilvolles Erscheinungsbild.<\/p>\n","protected":false},"excerpt":{"rendered":"<p>ABV 5.3% | EBC 8.1 | IBU 21 | Genusstemperatur: 5-6 \u00b0C<\/p>\n","protected":false},"featured_media":1212,"comment_status":"open","ping_status":"closed","template":"","meta":{"jetpack_post_was_ever_published":false},"product_brand":[],"product_cat":[15],"product_tag":[],"class_list":{"0":"post-44","1":"product","2":"type-product","3":"status-publish","4":"has-post-thumbnail","6":"product_cat-bier","8":"first","9":"instock","10":"taxable","11":"shipping-taxable","12":"purchasable","13":"product-type-variable","14":"has-default-attributes"},"jetpack_sharing_enabled":true,"_links":{"self":[{"href":"https:\/\/rhybraeu.ch\/index.php\/wp-json\/wp\/v2\/product\/44","targetHints":{"allow":["GET"]}}],"collection":[{"href":"https:\/\/rhybraeu.ch\/index.php\/wp-json\/wp\/v2\/product"}],"about":[{"href":"https:\/\/rhybraeu.ch\/index.php\/wp-json\/wp\/v2\/types\/product"}],"replies":[{"embeddable":true,"href":"https:\/\/rhybraeu.ch\/index.php\/wp-json\/wp\/v2\/comments?post=44"}],"wp:featuredmedia":[{"embeddable":true,"href":"https:\/\/rhybraeu.ch\/index.php\/wp-json\/wp\/v2\/media\/1212"}],"wp:attachment":[{"href":"https:\/\/rhybraeu.ch\/index.php\/wp-json\/wp\/v2\/media?parent=44"}],"wp:term":[{"taxonomy":"product_brand","embeddable":true,"href":"https:\/\/rhybraeu.ch\/index.php\/wp-json\/wp\/v2\/product_brand?post=44"},{"taxonomy":"product_cat","embeddable":true,"href":"https:\/\/rhybraeu.ch\/index.php\/wp-json\/wp\/v2\/product_cat?post=44"},{"taxonomy":"product_tag","embeddable":true,"href":"https:\/\/rhybraeu.ch\/index.php\/wp-json\/wp\/v2\/product_tag?post=44"}],"curies":[{"name":"wp","href":"https:\/\/api.w.org\/{rel}","templated":true}]}}