{"id":447,"date":"2024-03-03T18:29:45","date_gmt":"2024-03-03T18:29:45","guid":{"rendered":"https:\/\/cannavo.ch\/?post_type=product&#038;p=447"},"modified":"2025-08-15T09:18:12","modified_gmt":"2025-08-15T08:18:12","slug":"lager-fass-20-liter","status":"publish","type":"product","link":"https:\/\/rhybraeu.ch\/index.php\/produkt\/lager-fass-20-liter\/","title":{"rendered":"Lager Fass"},"content":{"rendered":"<p>Unser Lager &#8211; Ein erfrischendes, helles Bier, das aus hochwertigem Malz und Hopfen gebraut wird. Mit seiner angenehmen Bitterkeit, einem leichten Malzcharakter und einem zarten Hopfenaroma ist es der perfekte Begleiter f\u00fcr warme Tage und gesellige Anl\u00e4sse. Durch die langsame Verg\u00e4rung bei niedrigen Temperaturen und die lange Lagerung entsteht ein besonders mildes Bier, das als idealer Durstl\u00f6scher f\u00fcr den Sommer gilt.<\/p>\n<p>M\u00f6chtest du unser Bier \u00fcber eine Zapfanlage geniessen? Dann haben wir die perfekte L\u00f6sung mit unserem Offen-Ausschank! Wir bieten unsere Biere in 18-20 Liter F\u00e4ssern mit zwei Zapfsystemen an. Wenn du gleich das gesamte Zapfmaterial von Rhybr\u00e4u m\u00f6chtest, vermieten wir auch unsere Zapfanlage f\u00fcr einen Betrag von 30 CHF pro Tag (ab 2 F\u00e4ssern gratis). Schreibe uns gerne pers\u00f6nlich \u00fcber das <a href=\"https:\/\/rhybraeu.ch\/index.php\/kontakt\/\"><span style=\"text-decoration: underline;\"><strong>Kontaktformular<\/strong><\/span><\/a>, damit wir gemeinsam besprechen k\u00f6nnen, wie wir dir ein unvergessliches Zapferlebnis erm\u00f6glichen k\u00f6nnen.<\/p>\n<p>&nbsp;<\/p>\n<p><strong>Um zu bestellen, kontaktiere uns \u00fcber das Kontaktformular, E-Mail oder rufe uns an.<\/strong><\/p>\n","protected":false},"excerpt":{"rendered":"<p>ABV 5.0% | EBC 9.9 | IBU 26 | Genusstemperatur: 5-6 \u00b0C<\/p>\n","protected":false},"featured_media":371,"comment_status":"open","ping_status":"closed","template":"","meta":{"jetpack_post_was_ever_published":false},"product_brand":[],"product_cat":[15],"product_tag":[],"class_list":{"0":"post-447","1":"product","2":"type-product","3":"status-publish","4":"has-post-thumbnail","6":"product_cat-bier","7":"product_shipping_class-fass","9":"first","10":"outofstock","11":"taxable","12":"shipping-taxable","13":"purchasable","14":"product-type-variable"},"jetpack_sharing_enabled":true,"_links":{"self":[{"href":"https:\/\/rhybraeu.ch\/index.php\/wp-json\/wp\/v2\/product\/447","targetHints":{"allow":["GET"]}}],"collection":[{"href":"https:\/\/rhybraeu.ch\/index.php\/wp-json\/wp\/v2\/product"}],"about":[{"href":"https:\/\/rhybraeu.ch\/index.php\/wp-json\/wp\/v2\/types\/product"}],"replies":[{"embeddable":true,"href":"https:\/\/rhybraeu.ch\/index.php\/wp-json\/wp\/v2\/comments?post=447"}],"wp:featuredmedia":[{"embeddable":true,"href":"https:\/\/rhybraeu.ch\/index.php\/wp-json\/wp\/v2\/media\/371"}],"wp:attachment":[{"href":"https:\/\/rhybraeu.ch\/index.php\/wp-json\/wp\/v2\/media?parent=447"}],"wp:term":[{"taxonomy":"product_brand","embeddable":true,"href":"https:\/\/rhybraeu.ch\/index.php\/wp-json\/wp\/v2\/product_brand?post=447"},{"taxonomy":"product_cat","embeddable":true,"href":"https:\/\/rhybraeu.ch\/index.php\/wp-json\/wp\/v2\/product_cat?post=447"},{"taxonomy":"product_tag","embeddable":true,"href":"https:\/\/rhybraeu.ch\/index.php\/wp-json\/wp\/v2\/product_tag?post=447"}],"curies":[{"name":"wp","href":"https:\/\/api.w.org\/{rel}","templated":true}]}}