{"id":586,"date":"2024-03-17T13:04:56","date_gmt":"2024-03-17T12:04:56","guid":{"rendered":"https:\/\/rhybraeu.ch\/?post_type=product&#038;p=586"},"modified":"2026-03-29T16:29:16","modified_gmt":"2026-03-29T15:29:16","slug":"lager-white-ipa-gemischt-24-flaschen","status":"publish","type":"product","link":"https:\/\/rhybraeu.ch\/index.php\/produkt\/lager-white-ipa-gemischt-24-flaschen\/","title":{"rendered":"Lager \/ White IPA Gemischt 24 Flaschen"},"content":{"rendered":"<p>Unser Lager \u2013 Ein erfrischendes, helles Bier, das aus hochwertigem Malz und Hopfen gebraut wird. Mit seiner angenehmen Bitterkeit, einem leichten Malzcharakter und einem zarten Hopfenaroma ist es der perfekte Begleiter f\u00fcr warme Tage und gesellige Anl\u00e4sse. Durch die langsame Verg\u00e4rung bei niedrigen Temperaturen und die lange Lagerung entsteht ein besonders mildes Bier, das als idealer Durstl\u00f6scher f\u00fcr den Sommer gilt.<\/p>\n<p>Unser White IPA \u2013 ein erfrischendes Weizenbier mit einem einzigartigen Twist. Gebraut aus einer ausgewogenen Mischung von Weizen- und Gerstenmalz, verleiht ihm dies eine leichte, erfrischende Textur. Mit einem harmonischen Zusammenspiel von ausgew\u00e4hlten Hopfensorten entfaltet dieses Bier ein delikates Aroma von Limette und einem Hauch von Mango. Nicht zu bitter, aber voller Geschmack, ist unser White IPA ideal f\u00fcr Geniesser, die auf der Suche nach einem besonderen Biererlebnis sind. Geniesse es gek\u00fchlt oder bei Kellertemperatur, um alle Nuancen seiner Aromen voll zur Geltung zu bringen.<\/p>\n<p>M\u00f6chtest du gleich eine gr\u00f6ssere Menge unserer Biere bestellen? Dann bist du mit der Wahl eines 24er-Kartons genau richtig!<\/p>\n","protected":false},"excerpt":{"rendered":"<p><strong>Lager:<\/strong> ABV 5.0% | EBC 9.9 | IBU 26 | Genusstemperatur: 5-6 \u00b0C<\/p>\n<p><strong>White IPA:<\/strong> ABV 5.3% | EBC 8.1 | IBU 21 | Genusstemperatur: 5-6 \u00b0C<\/p>\n","protected":false},"featured_media":1216,"comment_status":"open","ping_status":"closed","template":"","meta":{"jetpack_post_was_ever_published":false},"product_brand":[],"product_cat":[15],"product_tag":[],"class_list":{"0":"post-586","1":"product","2":"type-product","3":"status-publish","4":"has-post-thumbnail","6":"product_cat-bier","8":"first","9":"instock","10":"taxable","11":"shipping-taxable","12":"purchasable","13":"product-type-variable","14":"has-default-attributes"},"jetpack_sharing_enabled":true,"_links":{"self":[{"href":"https:\/\/rhybraeu.ch\/index.php\/wp-json\/wp\/v2\/product\/586","targetHints":{"allow":["GET"]}}],"collection":[{"href":"https:\/\/rhybraeu.ch\/index.php\/wp-json\/wp\/v2\/product"}],"about":[{"href":"https:\/\/rhybraeu.ch\/index.php\/wp-json\/wp\/v2\/types\/product"}],"replies":[{"embeddable":true,"href":"https:\/\/rhybraeu.ch\/index.php\/wp-json\/wp\/v2\/comments?post=586"}],"wp:featuredmedia":[{"embeddable":true,"href":"https:\/\/rhybraeu.ch\/index.php\/wp-json\/wp\/v2\/media\/1216"}],"wp:attachment":[{"href":"https:\/\/rhybraeu.ch\/index.php\/wp-json\/wp\/v2\/media?parent=586"}],"wp:term":[{"taxonomy":"product_brand","embeddable":true,"href":"https:\/\/rhybraeu.ch\/index.php\/wp-json\/wp\/v2\/product_brand?post=586"},{"taxonomy":"product_cat","embeddable":true,"href":"https:\/\/rhybraeu.ch\/index.php\/wp-json\/wp\/v2\/product_cat?post=586"},{"taxonomy":"product_tag","embeddable":true,"href":"https:\/\/rhybraeu.ch\/index.php\/wp-json\/wp\/v2\/product_tag?post=586"}],"curies":[{"name":"wp","href":"https:\/\/api.w.org\/{rel}","templated":true}]}}